{"id":6928,"date":"2024-10-16T19:43:43","date_gmt":"2024-10-16T17:43:43","guid":{"rendered":"https:\/\/texlayer.com\/texlayer\/"},"modified":"2025-02-05T16:16:26","modified_gmt":"2025-02-05T15:16:26","slug":"texlayer-2","status":"publish","type":"page","link":"https:\/\/texlayer.com\/fr\/","title":{"rendered":"Texlayer"},"content":{"rendered":"\t\t<div data-elementor-type=\"wp-page\" data-elementor-id=\"6928\" class=\"elementor elementor-6928 elementor-6714\" data-elementor-post-type=\"page\">\n\t\t\t\t<div class=\"elementor-element elementor-element-5592986 e-flex e-con-boxed e-con e-parent\" data-id=\"5592986\" data-element_type=\"container\" data-e-type=\"container\" data-settings=\"{&quot;background_background&quot;:&quot;classic&quot;}\">\n\t\t\t\t\t<div class=\"e-con-inner\">\n\t\t\t\t<div class=\"elementor-element elementor-element-cc1829d animated-slow elementor-invisible elementor-widget elementor-widget-heading\" data-id=\"cc1829d\" data-element_type=\"widget\" data-e-type=\"widget\" data-settings=\"{&quot;_animation&quot;:&quot;fadeIn&quot;,&quot;_animation_delay&quot;:400}\" data-widget_type=\"heading.default\">\n\t\t\t\t<div class=\"elementor-widget-container\">\n\t\t\t\t\t<div class=\"elementor-heading-title elementor-size-default\">Tissu imprim\u00e9 autocollant personnalis\u00e9<\/div>\t\t\t\t<\/div>\n\t\t\t\t<\/div>\n\t\t\t\t<div class=\"elementor-element elementor-element-598ee27 animated-slow elementor-invisible elementor-widget elementor-widget-heading\" data-id=\"598ee27\" data-element_type=\"widget\" data-e-type=\"widget\" data-settings=\"{&quot;_animation&quot;:&quot;fadeIn&quot;,&quot;_animation_delay&quot;:400}\" data-widget_type=\"heading.default\">\n\t\t\t\t<div class=\"elementor-widget-container\">\n\t\t\t\t\t<h2 class=\"elementor-heading-title elementor-size-default\">LA R\u00c9VOLUTION DES REV\u00caTEMENTS<\/h2>\t\t\t\t<\/div>\n\t\t\t\t<\/div>\n\t\t\t\t\t<\/div>\n\t\t\t\t<\/div>\n\t\t<div class=\"elementor-element elementor-element-bf5d75a e-con-full e-flex e-con e-parent\" data-id=\"bf5d75a\" data-element_type=\"container\" data-e-type=\"container\">\n\t\t<div class=\"elementor-element elementor-element-53c3ee4 e-con-full e-flex e-con e-child\" data-id=\"53c3ee4\" data-element_type=\"container\" data-e-type=\"container\" data-settings=\"{&quot;background_background&quot;:&quot;classic&quot;}\">\n\t\t\t\t<\/div>\n\t\t<div class=\"elementor-element elementor-element-b72a38b e-con-full e-flex e-con e-child\" data-id=\"b72a38b\" data-element_type=\"container\" data-e-type=\"container\">\n\t\t\t\t<div class=\"elementor-element elementor-element-4535002 elementor-widget elementor-widget-heading\" data-id=\"4535002\" data-element_type=\"widget\" data-e-type=\"widget\" data-widget_type=\"heading.default\">\n\t\t\t\t<div class=\"elementor-widget-container\">\n\t\t\t\t\t<h2 class=\"elementor-heading-title elementor-size-default\">Innovation<\/h2>\t\t\t\t<\/div>\n\t\t\t\t<\/div>\n\t\t\t\t<div class=\"elementor-element elementor-element-bae6040 elementor-widget elementor-widget-text-editor\" data-id=\"bae6040\" data-element_type=\"widget\" data-e-type=\"widget\" data-widget_type=\"text-editor.default\">\n\t\t\t\t<div class=\"elementor-widget-container\">\n\t\t\t\t\t\t\t\t\t<p>Texlayer r\u00e9volutionne le monde de la d\u00e9coration et du rev\u00eatement de surfaces, en offrant une solution innovante qui combine la chaleur des textiles avec la facilit\u00e9 d&rsquo;installation d&rsquo;un produit auto-adh\u00e9sif.<\/p><ul><li>Sensation au toucher p\u00eache<\/li><li>Plus de d\u00e9finition<\/li><li>Plus de profondeur de champ<\/li><li>Plus de r\u00e9alisme dans chaque d\u00e9tail<\/li><li>Livraison en 5 jours<\/li><li>Designs personnalis\u00e9s<\/li><li>Plus facile \u00e0 appliquer<\/li><li>Plus durable<\/li><\/ul>\t\t\t\t\t\t\t\t<\/div>\n\t\t\t\t<\/div>\n\t\t\t\t<\/div>\n\t\t\t\t<\/div>\n\t\t<div class=\"elementor-element elementor-element-e6fb7a1 e-con-full e-flex e-con e-parent\" data-id=\"e6fb7a1\" data-element_type=\"container\" data-e-type=\"container\" data-settings=\"{&quot;background_background&quot;:&quot;classic&quot;}\">\n\t\t\t\t<div class=\"elementor-element elementor-element-c0d82fa elementor-widget elementor-widget-heading\" data-id=\"c0d82fa\" data-element_type=\"widget\" data-e-type=\"widget\" data-widget_type=\"heading.default\">\n\t\t\t\t<div class=\"elementor-widget-container\">\n\t\t\t\t\t<span class=\"elementor-heading-title elementor-size-default\">Une multitude d'applications<\/span>\t\t\t\t<\/div>\n\t\t\t\t<\/div>\n\t\t\t\t<div class=\"elementor-element elementor-element-e95a358 elementor-widget elementor-widget-heading\" data-id=\"e95a358\" data-element_type=\"widget\" data-e-type=\"widget\" data-widget_type=\"heading.default\">\n\t\t\t\t<div class=\"elementor-widget-container\">\n\t\t\t\t\t<span class=\"elementor-heading-title elementor-size-default\">Sans complications<\/span>\t\t\t\t<\/div>\n\t\t\t\t<\/div>\n\t\t\t\t<\/div>\n\t\t<div class=\"elementor-element elementor-element-3b420c4 e-con-full e-flex e-con e-parent\" data-id=\"3b420c4\" data-element_type=\"container\" data-e-type=\"container\">\n\t\t<div class=\"elementor-element elementor-element-4809371 e-con-full e-flex e-con e-child\" data-id=\"4809371\" data-element_type=\"container\" data-e-type=\"container\" data-settings=\"{&quot;background_background&quot;:&quot;classic&quot;}\">\n\t\t\t\t<\/div>\n\t\t<div class=\"elementor-element elementor-element-65b6942 e-con-full e-flex e-con e-child\" data-id=\"65b6942\" data-element_type=\"container\" data-e-type=\"container\" data-settings=\"{&quot;background_background&quot;:&quot;classic&quot;}\">\n\t\t\t\t<\/div>\n\t\t<div class=\"elementor-element elementor-element-598ceb9 e-con-full e-flex e-con e-child\" data-id=\"598ceb9\" data-element_type=\"container\" data-e-type=\"container\" data-settings=\"{&quot;background_background&quot;:&quot;classic&quot;}\">\n\t\t\t\t<\/div>\n\t\t\t\t<\/div>\n\t\t<div class=\"elementor-element elementor-element-c753a12 e-con-full e-flex e-con e-parent\" data-id=\"c753a12\" data-element_type=\"container\" data-e-type=\"container\">\n\t\t<div class=\"elementor-element elementor-element-d7ed83b e-con-full e-flex e-con e-child\" data-id=\"d7ed83b\" data-element_type=\"container\" data-e-type=\"container\" data-settings=\"{&quot;background_background&quot;:&quot;classic&quot;}\">\n\t\t\t\t<\/div>\n\t\t<div class=\"elementor-element elementor-element-cfee88c e-con-full e-flex e-con e-child\" data-id=\"cfee88c\" data-element_type=\"container\" data-e-type=\"container\" data-settings=\"{&quot;background_background&quot;:&quot;classic&quot;}\">\n\t\t\t\t<\/div>\n\t\t\t\t<\/div>\n\t\t<div class=\"elementor-element elementor-element-016e3fd e-con-full e-flex e-con e-parent\" data-id=\"016e3fd\" data-element_type=\"container\" data-e-type=\"container\">\n\t\t<div class=\"elementor-element elementor-element-a76f7c4 e-con-full e-flex e-con e-child\" data-id=\"a76f7c4\" data-element_type=\"container\" data-e-type=\"container\" data-settings=\"{&quot;background_background&quot;:&quot;classic&quot;}\">\n\t\t\t\t<\/div>\n\t\t<div class=\"elementor-element elementor-element-859b9cd e-con-full e-flex e-con e-child\" data-id=\"859b9cd\" data-element_type=\"container\" data-e-type=\"container\" data-settings=\"{&quot;background_background&quot;:&quot;classic&quot;}\">\n\t\t\t\t<\/div>\n\t\t\t\t<\/div>\n\t\t<div class=\"elementor-element elementor-element-497602a e-con-full e-flex e-con e-parent\" data-id=\"497602a\" data-element_type=\"container\" data-e-type=\"container\">\n\t\t<div class=\"elementor-element elementor-element-dc71d6d e-con-full e-flex e-con e-child\" data-id=\"dc71d6d\" data-element_type=\"container\" data-e-type=\"container\">\n\t\t\t\t<div class=\"elementor-element elementor-element-80edfd4 elementor-widget elementor-widget-heading\" data-id=\"80edfd4\" data-element_type=\"widget\" data-e-type=\"widget\" data-widget_type=\"heading.default\">\n\t\t\t\t<div class=\"elementor-widget-container\">\n\t\t\t\t\t<h2 class=\"elementor-heading-title elementor-size-default\">Transforme n'importe quelle surface<\/h2>\t\t\t\t<\/div>\n\t\t\t\t<\/div>\n\t\t\t\t<div class=\"elementor-element elementor-element-6528f07 elementor-widget elementor-widget-text-editor\" data-id=\"6528f07\" data-element_type=\"widget\" data-e-type=\"widget\" data-widget_type=\"text-editor.default\">\n\t\t\t\t<div class=\"elementor-widget-container\">\n\t\t\t\t\t\t\t\t\t<ul><li>Murs int\u00e9rieurs<\/li><li>Meubles<\/li><li>Armoires et portes<\/li><li>S\u00e9parateurs de bureau<\/li><li>Sols<\/li><li>Panneaux d\u00e9coratifs<\/li><li>Plafonds<\/li><li>Objets d\u00e9coratifs<\/li><li>Signalisation<\/li><li>Affiches<\/li><li>\u00c9v\u00e9nements<\/li><li>Panneaux acoustiques<\/li><li>Ascenseurs<\/li><\/ul>\t\t\t\t\t\t\t\t<\/div>\n\t\t\t\t<\/div>\n\t\t\t\t<\/div>\n\t\t<div class=\"elementor-element elementor-element-fd5ced6 e-con-full e-flex e-con e-child\" data-id=\"fd5ced6\" data-element_type=\"container\" data-e-type=\"container\" data-settings=\"{&quot;background_background&quot;:&quot;classic&quot;}\">\n\t\t\t\t<\/div>\n\t\t\t\t<\/div>\n\t\t<div class=\"elementor-element elementor-element-9bf345e e-con-full e-flex e-con e-parent\" data-id=\"9bf345e\" data-element_type=\"container\" data-e-type=\"container\" data-settings=\"{&quot;background_background&quot;:&quot;classic&quot;}\">\n\t\t\t\t<div class=\"elementor-element elementor-element-c9b310f elementor-widget elementor-widget-heading\" data-id=\"c9b310f\" data-element_type=\"widget\" data-e-type=\"widget\" data-widget_type=\"heading.default\">\n\t\t\t\t<div class=\"elementor-widget-container\">\n\t\t\t\t\t<span class=\"elementor-heading-title elementor-size-default\">D\u00e9couvrez notre histoire<\/span>\t\t\t\t<\/div>\n\t\t\t\t<\/div>\n\t\t\t\t<div class=\"elementor-element elementor-element-1698b68 elementor-widget elementor-widget-heading\" data-id=\"1698b68\" data-element_type=\"widget\" data-e-type=\"widget\" data-widget_type=\"heading.default\">\n\t\t\t\t<div class=\"elementor-widget-container\">\n\t\t\t\t\t<span class=\"elementor-heading-title elementor-size-default\">innovation, cr\u00e9ativit\u00e9 et engagement<\/span>\t\t\t\t<\/div>\n\t\t\t\t<\/div>\n\t\t\t\t<\/div>\n\t\t<div class=\"elementor-element elementor-element-f92bb7a e-flex e-con-boxed e-con e-child\" data-id=\"f92bb7a\" data-element_type=\"container\" data-e-type=\"container\" id=\"quienes\" data-settings=\"{&quot;background_background&quot;:&quot;classic&quot;}\">\n\t\t\t\t\t<div class=\"e-con-inner\">\n\t\t\t\t<div class=\"elementor-element elementor-element-8ab1a82 elementor-widget elementor-widget-heading\" data-id=\"8ab1a82\" data-element_type=\"widget\" data-e-type=\"widget\" data-widget_type=\"heading.default\">\n\t\t\t\t<div class=\"elementor-widget-container\">\n\t\t\t\t\t<h3 class=\"elementor-heading-title elementor-size-default\">Qui sommes-nous<\/h3>\t\t\t\t<\/div>\n\t\t\t\t<\/div>\n\t\t\t\t<div class=\"elementor-element elementor-element-2d5b62e elementor-widget elementor-widget-text-editor\" data-id=\"2d5b62e\" data-element_type=\"widget\" data-e-type=\"widget\" data-widget_type=\"text-editor.default\">\n\t\t\t\t<div class=\"elementor-widget-container\">\n\t\t\t\t\t\t\t\t\t<p style=\"text-align: left;\">Chez Texlayer, nous faisons partie d&rsquo;un groupe textile avec plus de 20 ans d&rsquo;exp\u00e9rience, consolid\u00e9 dans des secteurs aussi exigeants que le sport et les tissus techniques. En tant que membres du groupe GEFF et soutenus par notre usine Zak Factory, nous avons combin\u00e9 notre capacit\u00e9 industrielle, notre innovation constante et notre connaissance du secteur textile pour lancer une solution unique dans le monde de la d\u00e9coration et de la signal\u00e9tique. Avec Texlayer, nous portons notre exp\u00e9rience \u00e0 un nouveau niveau, offrant un produit qui transforme les surfaces int\u00e9rieures de mani\u00e8re simple et durable.<\/p>\t\t\t\t\t\t\t\t<\/div>\n\t\t\t\t<\/div>\n\t\t\t\t\t<\/div>\n\t\t\t\t<\/div>\n\t\t<div class=\"elementor-element elementor-element-80c0623 e-flex e-con-boxed e-con e-parent\" data-id=\"80c0623\" data-element_type=\"container\" data-e-type=\"container\">\n\t\t\t\t\t<div class=\"e-con-inner\">\n\t\t<div class=\"elementor-element elementor-element-2d621c3 e-con-full e-flex e-con e-child\" data-id=\"2d621c3\" data-element_type=\"container\" data-e-type=\"container\" data-settings=\"{&quot;background_background&quot;:&quot;classic&quot;}\">\n\t\t\t\t<div class=\"elementor-element elementor-element-ba0be40 elementor-widget elementor-widget-heading\" data-id=\"ba0be40\" data-element_type=\"widget\" data-e-type=\"widget\" data-widget_type=\"heading.default\">\n\t\t\t\t<div class=\"elementor-widget-container\">\n\t\t\t\t\t<h4 class=\"elementor-heading-title elementor-size-default\">Notre<br \/>histoire et vision<\/h4>\t\t\t\t<\/div>\n\t\t\t\t<\/div>\n\t\t\t\t<div class=\"elementor-element elementor-element-154792c elementor-widget elementor-widget-text-editor\" data-id=\"154792c\" data-element_type=\"widget\" data-e-type=\"widget\" data-widget_type=\"text-editor.default\">\n\t\t\t\t<div class=\"elementor-widget-container\">\n\t\t\t\t\t\t\t\t\t<p>Depuis nos d\u00e9buts, nous avons travaill\u00e9 pour perfectionner les processus textiles r\u00e9pondant aux exigences les plus \u00e9lev\u00e9es du march\u00e9. Nous avons appris \u00e0 produire avec pr\u00e9cision, adaptabilit\u00e9 et un engagement envers la qualit\u00e9, ce qui fait de nous une r\u00e9f\u00e9rence pour diverses industries.<\/p><p>Avec Texlayer, nous faisons un pas en avant, en tirant parti de tout ce que nous savons sur les textiles et en l&rsquo;appliquant \u00e0 un produit qui non seulement transforme les surfaces int\u00e9rieures, mais s&rsquo;adapte \u00e9galement facilement \u00e0 l&rsquo;utilisateur final. Ce lancement refl\u00e8te notre ambition de d\u00e9finir un nouveau standard en d\u00e9coration et signal\u00e9tique, toujours ax\u00e9 sur la durabilit\u00e9 et l&rsquo;innovation.<\/p>\t\t\t\t\t\t\t\t<\/div>\n\t\t\t\t<\/div>\n\t\t\t\t<\/div>\n\t\t<div class=\"elementor-element elementor-element-2bde0ad e-con-full e-flex e-con e-child\" data-id=\"2bde0ad\" data-element_type=\"container\" data-e-type=\"container\" data-settings=\"{&quot;background_background&quot;:&quot;classic&quot;}\">\n\t\t\t\t<\/div>\n\t\t\t\t\t<\/div>\n\t\t\t\t<\/div>\n\t\t<div class=\"elementor-element elementor-element-6858e81 e-flex e-con-boxed e-con e-parent\" data-id=\"6858e81\" data-element_type=\"container\" data-e-type=\"container\">\n\t\t\t\t\t<div class=\"e-con-inner\">\n\t\t<div class=\"elementor-element elementor-element-62123a9 e-con-full e-flex e-con e-child\" data-id=\"62123a9\" data-element_type=\"container\" data-e-type=\"container\" data-settings=\"{&quot;background_background&quot;:&quot;classic&quot;}\">\n\t\t\t\t<\/div>\n\t\t<div class=\"elementor-element elementor-element-86e9212 e-con-full e-flex e-con e-child\" data-id=\"86e9212\" data-element_type=\"container\" data-e-type=\"container\" data-settings=\"{&quot;background_background&quot;:&quot;classic&quot;}\">\n\t\t\t\t<div class=\"elementor-element elementor-element-aa21388 elementor-widget elementor-widget-heading\" data-id=\"aa21388\" data-element_type=\"widget\" data-e-type=\"widget\" data-widget_type=\"heading.default\">\n\t\t\t\t<div class=\"elementor-widget-container\">\n\t\t\t\t\t<h4 class=\"elementor-heading-title elementor-size-default\">Production locale et engagement en faveur de la durabilit\u00e9<\/h4>\t\t\t\t<\/div>\n\t\t\t\t<\/div>\n\t\t\t\t<div class=\"elementor-element elementor-element-8956c34 elementor-widget elementor-widget-text-editor\" data-id=\"8956c34\" data-element_type=\"widget\" data-e-type=\"widget\" data-widget_type=\"text-editor.default\">\n\t\t\t\t<div class=\"elementor-widget-container\">\n\t\t\t\t\t\t\t\t\t<p>Notre usine en Espagne nous permet de produire localement, avec des processus conformes aux normes europ\u00e9ennes les plus strictes en mati\u00e8re de durabilit\u00e9. Cela garantit que nos produits respectent des standards environnementaux \u00e9lev\u00e9s, de la s\u00e9lection des mat\u00e9riaux au processus de fabrication.<\/p><p>En travaillant sur commande, nous \u00e9vitons la surproduction et r\u00e9duisons les d\u00e9chets, ce qui renforce notre engagement pour un impact environnemental r\u00e9duit.<\/p><p>En choisissant Texlayer, nos clients obtiennent non seulement un produit innovant, mais aussi la tranquillit\u00e9 d&rsquo;esprit de collaborer avec une entreprise align\u00e9e avec les valeurs de durabilit\u00e9 mondiales.<\/p>\t\t\t\t\t\t\t\t<\/div>\n\t\t\t\t<\/div>\n\t\t\t\t<\/div>\n\t\t\t\t\t<\/div>\n\t\t\t\t<\/div>\n\t\t\t\t<\/div>\n\t\t","protected":false},"excerpt":{"rendered":"<p>Tissu imprim\u00e9 autocollant personnalis\u00e9 LA R\u00c9VOLUTION DES REV\u00caTEMENTS Innovation Texlayer r\u00e9volutionne le monde de la d\u00e9coration et du rev\u00eatement de surfaces, en offrant une solution innovante qui combine la chaleur des textiles avec la facilit\u00e9 d&rsquo;installation d&rsquo;un produit auto-adh\u00e9sif. Sensation au toucher p\u00eache Plus de d\u00e9finition Plus de profondeur de champ Plus de r\u00e9alisme dans [&hellip;]<\/p>\n","protected":false},"author":1,"featured_media":6930,"parent":0,"menu_order":0,"comment_status":"closed","ping_status":"closed","template":"","meta":{"footnotes":""},"class_list":["post-6928","page","type-page","status-publish","has-post-thumbnail","hentry"],"yoast_head":"<!-- This site is optimized with the Yoast SEO plugin v27.4 - https:\/\/yoast.com\/product\/yoast-seo-wordpress\/ -->\n<title>Texlayer - TexLayer<\/title>\n<meta name=\"robots\" content=\"index, follow, max-snippet:-1, max-image-preview:large, max-video-preview:-1\" \/>\n<link rel=\"canonical\" href=\"https:\/\/texlayer.com\/fr\/\" \/>\n<meta property=\"og:locale\" content=\"fr_FR\" \/>\n<meta property=\"og:type\" content=\"article\" \/>\n<meta property=\"og:title\" content=\"Texlayer - TexLayer\" \/>\n<meta property=\"og:description\" content=\"Tissu imprim\u00e9 autocollant personnalis\u00e9 LA R\u00c9VOLUTION DES REV\u00caTEMENTS Innovation Texlayer r\u00e9volutionne le monde de la d\u00e9coration et du rev\u00eatement de surfaces, en offrant une solution innovante qui combine la chaleur des textiles avec la facilit\u00e9 d&rsquo;installation d&rsquo;un produit auto-adh\u00e9sif. Sensation au toucher p\u00eache Plus de d\u00e9finition Plus de profondeur de champ Plus de r\u00e9alisme dans [&hellip;]\" \/>\n<meta property=\"og:url\" content=\"https:\/\/texlayer.com\/fr\/\" \/>\n<meta property=\"og:site_name\" content=\"TexLayer\" \/>\n<meta property=\"article:modified_time\" content=\"2025-02-05T15:16:26+00:00\" \/>\n<meta property=\"og:image\" content=\"https:\/\/texlayer.com\/wp-content\/uploads\/2024\/10\/portada.jpg\" \/>\n\t<meta property=\"og:image:width\" content=\"1942\" \/>\n\t<meta property=\"og:image:height\" content=\"1112\" \/>\n\t<meta property=\"og:image:type\" content=\"image\/jpeg\" \/>\n<meta name=\"twitter:card\" content=\"summary_large_image\" \/>\n<meta name=\"twitter:label1\" content=\"Dur\u00e9e de lecture estim\u00e9e\" \/>\n\t<meta name=\"twitter:data1\" content=\"2 minutes\" \/>\n<script type=\"application\/ld+json\" class=\"yoast-schema-graph\">{\"@context\":\"https:\\\/\\\/schema.org\",\"@graph\":[{\"@type\":\"WebPage\",\"@id\":\"https:\\\/\\\/texlayer.com\\\/fr\\\/\",\"url\":\"https:\\\/\\\/texlayer.com\\\/fr\\\/\",\"name\":\"Texlayer - TexLayer\",\"isPartOf\":{\"@id\":\"https:\\\/\\\/texlayer.com\\\/#website\"},\"primaryImageOfPage\":{\"@id\":\"https:\\\/\\\/texlayer.com\\\/fr\\\/#primaryimage\"},\"image\":{\"@id\":\"https:\\\/\\\/texlayer.com\\\/fr\\\/#primaryimage\"},\"thumbnailUrl\":\"https:\\\/\\\/texlayer.com\\\/wp-content\\\/uploads\\\/2024\\\/10\\\/portada.jpg\",\"datePublished\":\"2024-10-16T17:43:43+00:00\",\"dateModified\":\"2025-02-05T15:16:26+00:00\",\"breadcrumb\":{\"@id\":\"https:\\\/\\\/texlayer.com\\\/fr\\\/#breadcrumb\"},\"inLanguage\":\"fr-FR\",\"potentialAction\":[{\"@type\":\"ReadAction\",\"target\":[\"https:\\\/\\\/texlayer.com\\\/fr\\\/\"]}]},{\"@type\":\"ImageObject\",\"inLanguage\":\"fr-FR\",\"@id\":\"https:\\\/\\\/texlayer.com\\\/fr\\\/#primaryimage\",\"url\":\"https:\\\/\\\/texlayer.com\\\/wp-content\\\/uploads\\\/2024\\\/10\\\/portada.jpg\",\"contentUrl\":\"https:\\\/\\\/texlayer.com\\\/wp-content\\\/uploads\\\/2024\\\/10\\\/portada.jpg\",\"width\":1942,\"height\":1112,\"caption\":\"Screenshot\"},{\"@type\":\"BreadcrumbList\",\"@id\":\"https:\\\/\\\/texlayer.com\\\/fr\\\/#breadcrumb\",\"itemListElement\":[{\"@type\":\"ListItem\",\"position\":1,\"name\":\"Portada\",\"item\":\"https:\\\/\\\/texlayer.com\\\/fr\\\/\"},{\"@type\":\"ListItem\",\"position\":2,\"name\":\"Texlayer\"}]},{\"@type\":\"WebSite\",\"@id\":\"https:\\\/\\\/texlayer.com\\\/#website\",\"url\":\"https:\\\/\\\/texlayer.com\\\/\",\"name\":\"TexLayer\",\"description\":\"Tejido impreso autoadhesivo personalizado\",\"publisher\":{\"@id\":\"https:\\\/\\\/texlayer.com\\\/#organization\"},\"potentialAction\":[{\"@type\":\"SearchAction\",\"target\":{\"@type\":\"EntryPoint\",\"urlTemplate\":\"https:\\\/\\\/texlayer.com\\\/?s={search_term_string}\"},\"query-input\":{\"@type\":\"PropertyValueSpecification\",\"valueRequired\":true,\"valueName\":\"search_term_string\"}}],\"inLanguage\":\"fr-FR\"},{\"@type\":\"Organization\",\"@id\":\"https:\\\/\\\/texlayer.com\\\/#organization\",\"name\":\"TexLayer\",\"url\":\"https:\\\/\\\/texlayer.com\\\/\",\"logo\":{\"@type\":\"ImageObject\",\"inLanguage\":\"fr-FR\",\"@id\":\"https:\\\/\\\/texlayer.com\\\/#\\\/schema\\\/logo\\\/image\\\/\",\"url\":\"https:\\\/\\\/texlayer.com\\\/wp-content\\\/uploads\\\/2024\\\/10\\\/cropped-text-layer-negro.png\",\"contentUrl\":\"https:\\\/\\\/texlayer.com\\\/wp-content\\\/uploads\\\/2024\\\/10\\\/cropped-text-layer-negro.png\",\"width\":748,\"height\":193,\"caption\":\"TexLayer\"},\"image\":{\"@id\":\"https:\\\/\\\/texlayer.com\\\/#\\\/schema\\\/logo\\\/image\\\/\"}}]}<\/script>\n<!-- \/ Yoast SEO plugin. -->","yoast_head_json":{"title":"Texlayer - TexLayer","robots":{"index":"index","follow":"follow","max-snippet":"max-snippet:-1","max-image-preview":"max-image-preview:large","max-video-preview":"max-video-preview:-1"},"canonical":"https:\/\/texlayer.com\/fr\/","og_locale":"fr_FR","og_type":"article","og_title":"Texlayer - TexLayer","og_description":"Tissu imprim\u00e9 autocollant personnalis\u00e9 LA R\u00c9VOLUTION DES REV\u00caTEMENTS Innovation Texlayer r\u00e9volutionne le monde de la d\u00e9coration et du rev\u00eatement de surfaces, en offrant une solution innovante qui combine la chaleur des textiles avec la facilit\u00e9 d&rsquo;installation d&rsquo;un produit auto-adh\u00e9sif. Sensation au toucher p\u00eache Plus de d\u00e9finition Plus de profondeur de champ Plus de r\u00e9alisme dans [&hellip;]","og_url":"https:\/\/texlayer.com\/fr\/","og_site_name":"TexLayer","article_modified_time":"2025-02-05T15:16:26+00:00","og_image":[{"width":1942,"height":1112,"url":"https:\/\/texlayer.com\/wp-content\/uploads\/2024\/10\/portada.jpg","type":"image\/jpeg"}],"twitter_card":"summary_large_image","twitter_misc":{"Dur\u00e9e de lecture estim\u00e9e":"2 minutes"},"schema":{"@context":"https:\/\/schema.org","@graph":[{"@type":"WebPage","@id":"https:\/\/texlayer.com\/fr\/","url":"https:\/\/texlayer.com\/fr\/","name":"Texlayer - TexLayer","isPartOf":{"@id":"https:\/\/texlayer.com\/#website"},"primaryImageOfPage":{"@id":"https:\/\/texlayer.com\/fr\/#primaryimage"},"image":{"@id":"https:\/\/texlayer.com\/fr\/#primaryimage"},"thumbnailUrl":"https:\/\/texlayer.com\/wp-content\/uploads\/2024\/10\/portada.jpg","datePublished":"2024-10-16T17:43:43+00:00","dateModified":"2025-02-05T15:16:26+00:00","breadcrumb":{"@id":"https:\/\/texlayer.com\/fr\/#breadcrumb"},"inLanguage":"fr-FR","potentialAction":[{"@type":"ReadAction","target":["https:\/\/texlayer.com\/fr\/"]}]},{"@type":"ImageObject","inLanguage":"fr-FR","@id":"https:\/\/texlayer.com\/fr\/#primaryimage","url":"https:\/\/texlayer.com\/wp-content\/uploads\/2024\/10\/portada.jpg","contentUrl":"https:\/\/texlayer.com\/wp-content\/uploads\/2024\/10\/portada.jpg","width":1942,"height":1112,"caption":"Screenshot"},{"@type":"BreadcrumbList","@id":"https:\/\/texlayer.com\/fr\/#breadcrumb","itemListElement":[{"@type":"ListItem","position":1,"name":"Portada","item":"https:\/\/texlayer.com\/fr\/"},{"@type":"ListItem","position":2,"name":"Texlayer"}]},{"@type":"WebSite","@id":"https:\/\/texlayer.com\/#website","url":"https:\/\/texlayer.com\/","name":"TexLayer","description":"Tejido impreso autoadhesivo personalizado","publisher":{"@id":"https:\/\/texlayer.com\/#organization"},"potentialAction":[{"@type":"SearchAction","target":{"@type":"EntryPoint","urlTemplate":"https:\/\/texlayer.com\/?s={search_term_string}"},"query-input":{"@type":"PropertyValueSpecification","valueRequired":true,"valueName":"search_term_string"}}],"inLanguage":"fr-FR"},{"@type":"Organization","@id":"https:\/\/texlayer.com\/#organization","name":"TexLayer","url":"https:\/\/texlayer.com\/","logo":{"@type":"ImageObject","inLanguage":"fr-FR","@id":"https:\/\/texlayer.com\/#\/schema\/logo\/image\/","url":"https:\/\/texlayer.com\/wp-content\/uploads\/2024\/10\/cropped-text-layer-negro.png","contentUrl":"https:\/\/texlayer.com\/wp-content\/uploads\/2024\/10\/cropped-text-layer-negro.png","width":748,"height":193,"caption":"TexLayer"},"image":{"@id":"https:\/\/texlayer.com\/#\/schema\/logo\/image\/"}}]}},"_links":{"self":[{"href":"https:\/\/texlayer.com\/fr\/wp-json\/wp\/v2\/pages\/6928","targetHints":{"allow":["GET"]}}],"collection":[{"href":"https:\/\/texlayer.com\/fr\/wp-json\/wp\/v2\/pages"}],"about":[{"href":"https:\/\/texlayer.com\/fr\/wp-json\/wp\/v2\/types\/page"}],"author":[{"embeddable":true,"href":"https:\/\/texlayer.com\/fr\/wp-json\/wp\/v2\/users\/1"}],"replies":[{"embeddable":true,"href":"https:\/\/texlayer.com\/fr\/wp-json\/wp\/v2\/comments?post=6928"}],"version-history":[{"count":26,"href":"https:\/\/texlayer.com\/fr\/wp-json\/wp\/v2\/pages\/6928\/revisions"}],"predecessor-version":[{"id":7185,"href":"https:\/\/texlayer.com\/fr\/wp-json\/wp\/v2\/pages\/6928\/revisions\/7185"}],"wp:featuredmedia":[{"embeddable":true,"href":"https:\/\/texlayer.com\/fr\/wp-json\/wp\/v2\/media\/6930"}],"wp:attachment":[{"href":"https:\/\/texlayer.com\/fr\/wp-json\/wp\/v2\/media?parent=6928"}],"curies":[{"name":"wp","href":"https:\/\/api.w.org\/{rel}","templated":true}]}}