{"id":7357,"date":"2024-10-16T19:43:43","date_gmt":"2024-10-16T17:43:43","guid":{"rendered":"https:\/\/texlayer.com\/texlayer-2\/"},"modified":"2024-10-16T19:43:43","modified_gmt":"2024-10-16T17:43:43","slug":"texlayer-2","status":"publish","type":"page","link":"https:\/\/texlayer.com\/pt-pt\/texlayer-2\/","title":{"rendered":"Texlayer"},"content":{"rendered":"<p>Tejido impreso autoadhesivo personalizado\t\t\t\t<\/p>\n<h2>LA REVOLUCI\u00d3N EN REVESTIMIENTOS<\/h2>\n<h2>innovaci\u00f3n<\/h2>\n<p>Texlayer revoluciona el mundo de la decoraci\u00f3n y el revestimiento de superficies, ofreciendo una soluci\u00f3n innovadora que combina la calidez de los textiles con la facilidad de instalaci\u00f3n de un producto autoadhesivo.<\/p>\n<ul>\n<li>Tacto melocot\u00f3n<\/li>\n<li>M\u00e1s definici\u00f3n<\/li>\n<li>M\u00e1s profundidad de campo<\/li>\n<li>M\u00e1s realismo en cada detalle<\/li>\n<li>Entrega en 5 d\u00edas<\/li>\n<li>Dise\u00f1os personalizados<\/li>\n<li>M\u00e1s f\u00e1cil de aplicar<\/li>\n<li>M\u00e1s sostenible<\/li>\n<\/ul>\n<p>\t\t\t\t\tmultitud de aplicaciones<br \/>\n\t\t\t\t\tsin complicaciones\t\t\t\t<\/p>\n<h2>transforma<br \/>cualquier superficie<\/h2>\n<ul>\n<li>Paredes interiores<\/li>\n<li>Muebles<\/li>\n<li>Armarios y puertas<\/li>\n<li>Separadores de oficina<\/li>\n<li>Suelos<\/li>\n<li>Paneles decorativos<\/li>\n<li>Techos<\/li>\n<li>Objetos decorativos<\/li>\n<li>Rotulaci\u00f3n<\/li>\n<li>Carteler\u00eda<\/li>\n<li>Eventos<\/li>\n<li>Paneles ac\u00fasticos<\/li>\n<li>Ascensores<\/li>\n<\/ul>\n<p>\t\t\t\t\tConoce nuestra historia<br \/>\n\t\t\t\t\tinnovaci\u00f3n, creatividad <br \/>y compromiso\t\t\t\t<\/p>\n<h3>\u00bfQui\u00e9nes somos?<\/h3>\n<p style=\"text-align: left;\">En Texlayer, somos parte de un grupo textil con m\u00e1s de 20 a\u00f1os de experiencia, consolidado en sectores tan exigentes como el deportivo y los tejidos t\u00e9cnicos. Como miembros del grupo GEFF y con el respaldo de nuestra f\u00e1brica Zak Factory, hemos combinado nuestra capacidad industrial, innovaci\u00f3n constante y conocimiento del sector textil para lanzar una soluci\u00f3n \u00fanica en el mundo de la decoraci\u00f3n y rotulaci\u00f3n. Con Texlayer, llevamos nuestra experiencia a un nuevo nivel, ofreciendo un producto que transforma superficies interiores de manera sencilla y sostenible.<\/p>\n<h4>Nuestra<br \/>historia y visi\u00f3n<\/h4>\n<p>Desde nuestros inicios, hemos trabajado para perfeccionar procesos textiles que respondan a las demandas m\u00e1s exigentes del mercado. Hemos aprendido a producir con precisi\u00f3n, adaptabilidad y compromiso con la calidad, lo que nos ha convertido en un referente para diversas industrias.<\/p>\n<p>Con Texlayer, damos un paso hacia adelante, aprovechando todo lo que sabemos sobre textiles y aplic\u00e1ndolo a un producto que no solo transforma superficies interiores, sino que tambi\u00e9n se adapta f\u00e1cilmente al usuario final. Este lanzamiento refleja nuestra ambici\u00f3n por liderar un nuevo est\u00e1ndar en decoraci\u00f3n y rotulaci\u00f3n, siempre enfocados en la sostenibilidad y la innovaci\u00f3n.<\/p>\n<h4>Producci\u00f3n local y<br \/>compromiso con<br \/>la sostenibilidad<\/h4>\n<p>Nuestra f\u00e1brica en Espa\u00f1a nos permite producir localmente, con procesos ajustados a las normativas europeas m\u00e1s estrictas en sostenibilidad. Esto asegura que nuestros productos cumplan con altos est\u00e1ndares medioambientales, desde la selecci\u00f3n de materiales hasta el proceso de fabricaci\u00f3n.<\/p>\n<p>Al trabajar bajo demanda, evitamos la producci\u00f3n excesiva y reducimos el desperdicio, lo que refuerza nuestro compromiso con un impacto ambiental reducido. Al elegir Texlayer, nuestros clientes no solo obtienen un producto innovador, sino tambi\u00e9n la tranquilidad de colaborar con una empresa alineada con los valores de sostenibilidad global.<\/p>\n","protected":false},"excerpt":{"rendered":"<p>Tejido impreso autoadhesivo personalizado LA REVOLUCI\u00d3N EN REVESTIMIENTOS innovaci\u00f3n Texlayer revoluciona el mundo de la decoraci\u00f3n y el revestimiento de superficies, ofreciendo una soluci\u00f3n innovadora que combina la calidez de los textiles con la facilidad de instalaci\u00f3n de un producto autoadhesivo. Tacto melocot\u00f3n M\u00e1s definici\u00f3n M\u00e1s profundidad de campo M\u00e1s realismo en cada detalle Entrega [&hellip;]<\/p>\n","protected":false},"author":1,"featured_media":7359,"parent":0,"menu_order":0,"comment_status":"closed","ping_status":"closed","template":"","meta":{"footnotes":""},"class_list":["post-7357","page","type-page","status-publish","has-post-thumbnail","hentry"],"yoast_head":"<!-- This site is optimized with the Yoast SEO plugin v27.4 - https:\/\/yoast.com\/product\/yoast-seo-wordpress\/ -->\n<title>Texlayer - TexLayer<\/title>\n<meta name=\"robots\" content=\"index, follow, max-snippet:-1, max-image-preview:large, max-video-preview:-1\" \/>\n<link rel=\"canonical\" href=\"https:\/\/texlayer.com\/pt-pt\/texlayer-2\/\" \/>\n<meta property=\"og:locale\" content=\"pt_PT\" \/>\n<meta property=\"og:type\" content=\"article\" \/>\n<meta property=\"og:title\" content=\"Texlayer - TexLayer\" \/>\n<meta property=\"og:description\" content=\"Tejido impreso autoadhesivo personalizado LA REVOLUCI\u00d3N EN REVESTIMIENTOS innovaci\u00f3n Texlayer revoluciona el mundo de la decoraci\u00f3n y el revestimiento de superficies, ofreciendo una soluci\u00f3n innovadora que combina la calidez de los textiles con la facilidad de instalaci\u00f3n de un producto autoadhesivo. Tacto melocot\u00f3n M\u00e1s definici\u00f3n M\u00e1s profundidad de campo M\u00e1s realismo en cada detalle Entrega [&hellip;]\" \/>\n<meta property=\"og:url\" content=\"https:\/\/texlayer.com\/pt-pt\/texlayer-2\/\" \/>\n<meta property=\"og:site_name\" content=\"TexLayer\" \/>\n<meta name=\"twitter:card\" content=\"summary_large_image\" \/>\n<meta name=\"twitter:label1\" content=\"Tempo estimado de leitura\" \/>\n\t<meta name=\"twitter:data1\" content=\"2 minutos\" \/>\n<script type=\"application\/ld+json\" class=\"yoast-schema-graph\">{\"@context\":\"https:\\\/\\\/schema.org\",\"@graph\":[{\"@type\":\"WebPage\",\"@id\":\"https:\\\/\\\/texlayer.com\\\/pt-pt\\\/texlayer-2\\\/\",\"url\":\"https:\\\/\\\/texlayer.com\\\/pt-pt\\\/texlayer-2\\\/\",\"name\":\"Texlayer - TexLayer\",\"isPartOf\":{\"@id\":\"https:\\\/\\\/texlayer.com\\\/#website\"},\"primaryImageOfPage\":{\"@id\":\"https:\\\/\\\/texlayer.com\\\/pt-pt\\\/texlayer-2\\\/#primaryimage\"},\"image\":{\"@id\":\"https:\\\/\\\/texlayer.com\\\/pt-pt\\\/texlayer-2\\\/#primaryimage\"},\"thumbnailUrl\":\"https:\\\/\\\/texlayer.com\\\/wp-content\\\/uploads\\\/2024\\\/10\\\/portada.jpg\",\"datePublished\":\"2024-10-16T17:43:43+00:00\",\"breadcrumb\":{\"@id\":\"https:\\\/\\\/texlayer.com\\\/pt-pt\\\/texlayer-2\\\/#breadcrumb\"},\"inLanguage\":\"pt-PT\",\"potentialAction\":[{\"@type\":\"ReadAction\",\"target\":[\"https:\\\/\\\/texlayer.com\\\/pt-pt\\\/texlayer-2\\\/\"]}]},{\"@type\":\"ImageObject\",\"inLanguage\":\"pt-PT\",\"@id\":\"https:\\\/\\\/texlayer.com\\\/pt-pt\\\/texlayer-2\\\/#primaryimage\",\"url\":\"https:\\\/\\\/texlayer.com\\\/wp-content\\\/uploads\\\/2024\\\/10\\\/portada.jpg\",\"contentUrl\":\"https:\\\/\\\/texlayer.com\\\/wp-content\\\/uploads\\\/2024\\\/10\\\/portada.jpg\",\"width\":1942,\"height\":1112,\"caption\":\"Screenshot\"},{\"@type\":\"BreadcrumbList\",\"@id\":\"https:\\\/\\\/texlayer.com\\\/pt-pt\\\/texlayer-2\\\/#breadcrumb\",\"itemListElement\":[{\"@type\":\"ListItem\",\"position\":1,\"name\":\"Portada\",\"item\":\"https:\\\/\\\/texlayer.com\\\/pt-pt\\\/\"},{\"@type\":\"ListItem\",\"position\":2,\"name\":\"Texlayer\"}]},{\"@type\":\"WebSite\",\"@id\":\"https:\\\/\\\/texlayer.com\\\/#website\",\"url\":\"https:\\\/\\\/texlayer.com\\\/\",\"name\":\"TexLayer\",\"description\":\"Tejido impreso autoadhesivo personalizado\",\"publisher\":{\"@id\":\"https:\\\/\\\/texlayer.com\\\/#organization\"},\"potentialAction\":[{\"@type\":\"SearchAction\",\"target\":{\"@type\":\"EntryPoint\",\"urlTemplate\":\"https:\\\/\\\/texlayer.com\\\/?s={search_term_string}\"},\"query-input\":{\"@type\":\"PropertyValueSpecification\",\"valueRequired\":true,\"valueName\":\"search_term_string\"}}],\"inLanguage\":\"pt-PT\"},{\"@type\":\"Organization\",\"@id\":\"https:\\\/\\\/texlayer.com\\\/#organization\",\"name\":\"TexLayer\",\"url\":\"https:\\\/\\\/texlayer.com\\\/\",\"logo\":{\"@type\":\"ImageObject\",\"inLanguage\":\"pt-PT\",\"@id\":\"https:\\\/\\\/texlayer.com\\\/#\\\/schema\\\/logo\\\/image\\\/\",\"url\":\"https:\\\/\\\/texlayer.com\\\/wp-content\\\/uploads\\\/2024\\\/10\\\/cropped-text-layer-negro.png\",\"contentUrl\":\"https:\\\/\\\/texlayer.com\\\/wp-content\\\/uploads\\\/2024\\\/10\\\/cropped-text-layer-negro.png\",\"width\":748,\"height\":193,\"caption\":\"TexLayer\"},\"image\":{\"@id\":\"https:\\\/\\\/texlayer.com\\\/#\\\/schema\\\/logo\\\/image\\\/\"}}]}<\/script>\n<!-- \/ Yoast SEO plugin. -->","yoast_head_json":{"title":"Texlayer - TexLayer","robots":{"index":"index","follow":"follow","max-snippet":"max-snippet:-1","max-image-preview":"max-image-preview:large","max-video-preview":"max-video-preview:-1"},"canonical":"https:\/\/texlayer.com\/pt-pt\/texlayer-2\/","og_locale":"pt_PT","og_type":"article","og_title":"Texlayer - TexLayer","og_description":"Tejido impreso autoadhesivo personalizado LA REVOLUCI\u00d3N EN REVESTIMIENTOS innovaci\u00f3n Texlayer revoluciona el mundo de la decoraci\u00f3n y el revestimiento de superficies, ofreciendo una soluci\u00f3n innovadora que combina la calidez de los textiles con la facilidad de instalaci\u00f3n de un producto autoadhesivo. Tacto melocot\u00f3n M\u00e1s definici\u00f3n M\u00e1s profundidad de campo M\u00e1s realismo en cada detalle Entrega [&hellip;]","og_url":"https:\/\/texlayer.com\/pt-pt\/texlayer-2\/","og_site_name":"TexLayer","twitter_card":"summary_large_image","twitter_misc":{"Tempo estimado de leitura":"2 minutos"},"schema":{"@context":"https:\/\/schema.org","@graph":[{"@type":"WebPage","@id":"https:\/\/texlayer.com\/pt-pt\/texlayer-2\/","url":"https:\/\/texlayer.com\/pt-pt\/texlayer-2\/","name":"Texlayer - TexLayer","isPartOf":{"@id":"https:\/\/texlayer.com\/#website"},"primaryImageOfPage":{"@id":"https:\/\/texlayer.com\/pt-pt\/texlayer-2\/#primaryimage"},"image":{"@id":"https:\/\/texlayer.com\/pt-pt\/texlayer-2\/#primaryimage"},"thumbnailUrl":"https:\/\/texlayer.com\/wp-content\/uploads\/2024\/10\/portada.jpg","datePublished":"2024-10-16T17:43:43+00:00","breadcrumb":{"@id":"https:\/\/texlayer.com\/pt-pt\/texlayer-2\/#breadcrumb"},"inLanguage":"pt-PT","potentialAction":[{"@type":"ReadAction","target":["https:\/\/texlayer.com\/pt-pt\/texlayer-2\/"]}]},{"@type":"ImageObject","inLanguage":"pt-PT","@id":"https:\/\/texlayer.com\/pt-pt\/texlayer-2\/#primaryimage","url":"https:\/\/texlayer.com\/wp-content\/uploads\/2024\/10\/portada.jpg","contentUrl":"https:\/\/texlayer.com\/wp-content\/uploads\/2024\/10\/portada.jpg","width":1942,"height":1112,"caption":"Screenshot"},{"@type":"BreadcrumbList","@id":"https:\/\/texlayer.com\/pt-pt\/texlayer-2\/#breadcrumb","itemListElement":[{"@type":"ListItem","position":1,"name":"Portada","item":"https:\/\/texlayer.com\/pt-pt\/"},{"@type":"ListItem","position":2,"name":"Texlayer"}]},{"@type":"WebSite","@id":"https:\/\/texlayer.com\/#website","url":"https:\/\/texlayer.com\/","name":"TexLayer","description":"Tejido impreso autoadhesivo personalizado","publisher":{"@id":"https:\/\/texlayer.com\/#organization"},"potentialAction":[{"@type":"SearchAction","target":{"@type":"EntryPoint","urlTemplate":"https:\/\/texlayer.com\/?s={search_term_string}"},"query-input":{"@type":"PropertyValueSpecification","valueRequired":true,"valueName":"search_term_string"}}],"inLanguage":"pt-PT"},{"@type":"Organization","@id":"https:\/\/texlayer.com\/#organization","name":"TexLayer","url":"https:\/\/texlayer.com\/","logo":{"@type":"ImageObject","inLanguage":"pt-PT","@id":"https:\/\/texlayer.com\/#\/schema\/logo\/image\/","url":"https:\/\/texlayer.com\/wp-content\/uploads\/2024\/10\/cropped-text-layer-negro.png","contentUrl":"https:\/\/texlayer.com\/wp-content\/uploads\/2024\/10\/cropped-text-layer-negro.png","width":748,"height":193,"caption":"TexLayer"},"image":{"@id":"https:\/\/texlayer.com\/#\/schema\/logo\/image\/"}}]}},"_links":{"self":[{"href":"https:\/\/texlayer.com\/pt-pt\/wp-json\/wp\/v2\/pages\/7357","targetHints":{"allow":["GET"]}}],"collection":[{"href":"https:\/\/texlayer.com\/pt-pt\/wp-json\/wp\/v2\/pages"}],"about":[{"href":"https:\/\/texlayer.com\/pt-pt\/wp-json\/wp\/v2\/types\/page"}],"author":[{"embeddable":true,"href":"https:\/\/texlayer.com\/pt-pt\/wp-json\/wp\/v2\/users\/1"}],"replies":[{"embeddable":true,"href":"https:\/\/texlayer.com\/pt-pt\/wp-json\/wp\/v2\/comments?post=7357"}],"version-history":[{"count":0,"href":"https:\/\/texlayer.com\/pt-pt\/wp-json\/wp\/v2\/pages\/7357\/revisions"}],"wp:featuredmedia":[{"embeddable":true,"href":"https:\/\/texlayer.com\/pt-pt\/wp-json\/wp\/v2\/media\/7359"}],"wp:attachment":[{"href":"https:\/\/texlayer.com\/pt-pt\/wp-json\/wp\/v2\/media?parent=7357"}],"curies":[{"name":"wp","href":"https:\/\/api.w.org\/{rel}","templated":true}]}}