{"id":7364,"date":"2024-10-16T19:43:43","date_gmt":"2024-10-16T17:43:43","guid":{"rendered":"https:\/\/texlayer.com\/?page_id=7364"},"modified":"2025-02-11T14:27:41","modified_gmt":"2025-02-11T13:27:41","slug":"texlayer","status":"publish","type":"page","link":"https:\/\/texlayer.com\/pt-pt\/","title":{"rendered":"Texlayer"},"content":{"rendered":"\t\t<div data-elementor-type=\"wp-page\" data-elementor-id=\"7364\" class=\"elementor elementor-7364 elementor-6714\" data-elementor-post-type=\"page\">\n\t\t\t\t<div class=\"elementor-element elementor-element-5592986 e-flex e-con-boxed e-con e-parent\" data-id=\"5592986\" data-element_type=\"container\" data-e-type=\"container\" data-settings=\"{&quot;background_background&quot;:&quot;classic&quot;}\">\n\t\t\t\t\t<div class=\"e-con-inner\">\n\t\t\t\t<div class=\"elementor-element elementor-element-cc1829d animated-slow elementor-invisible elementor-widget elementor-widget-heading\" data-id=\"cc1829d\" data-element_type=\"widget\" data-e-type=\"widget\" data-settings=\"{&quot;_animation&quot;:&quot;fadeIn&quot;,&quot;_animation_delay&quot;:400}\" data-widget_type=\"heading.default\">\n\t\t\t\t<div class=\"elementor-widget-container\">\n\t\t\t\t\t<div class=\"elementor-heading-title elementor-size-default\">Tecido impresso autocolante personalizado<\/div>\t\t\t\t<\/div>\n\t\t\t\t<\/div>\n\t\t\t\t<div class=\"elementor-element elementor-element-598ee27 animated-slow elementor-invisible elementor-widget elementor-widget-heading\" data-id=\"598ee27\" data-element_type=\"widget\" data-e-type=\"widget\" data-settings=\"{&quot;_animation&quot;:&quot;fadeIn&quot;,&quot;_animation_delay&quot;:400}\" data-widget_type=\"heading.default\">\n\t\t\t\t<div class=\"elementor-widget-container\">\n\t\t\t\t\t<h2 class=\"elementor-heading-title elementor-size-default\">A REVOLU\u00c7\u00c3O NOS REVESTIMENTOS<\/h2>\t\t\t\t<\/div>\n\t\t\t\t<\/div>\n\t\t\t\t\t<\/div>\n\t\t\t\t<\/div>\n\t\t<div class=\"elementor-element elementor-element-bf5d75a e-con-full e-flex e-con e-parent\" data-id=\"bf5d75a\" data-element_type=\"container\" data-e-type=\"container\">\n\t\t<div class=\"elementor-element elementor-element-53c3ee4 e-con-full e-flex e-con e-child\" data-id=\"53c3ee4\" data-element_type=\"container\" data-e-type=\"container\" data-settings=\"{&quot;background_background&quot;:&quot;classic&quot;}\">\n\t\t\t\t<\/div>\n\t\t<div class=\"elementor-element elementor-element-b72a38b e-con-full e-flex e-con e-child\" data-id=\"b72a38b\" data-element_type=\"container\" data-e-type=\"container\">\n\t\t\t\t<div class=\"elementor-element elementor-element-4535002 elementor-widget elementor-widget-heading\" data-id=\"4535002\" data-element_type=\"widget\" data-e-type=\"widget\" data-widget_type=\"heading.default\">\n\t\t\t\t<div class=\"elementor-widget-container\">\n\t\t\t\t\t<h2 class=\"elementor-heading-title elementor-size-default\">Inova\u00e7\u00e3o<\/h2>\t\t\t\t<\/div>\n\t\t\t\t<\/div>\n\t\t\t\t<div class=\"elementor-element elementor-element-bae6040 elementor-widget elementor-widget-text-editor\" data-id=\"bae6040\" data-element_type=\"widget\" data-e-type=\"widget\" data-widget_type=\"text-editor.default\">\n\t\t\t\t<div class=\"elementor-widget-container\">\n\t\t\t\t\t\t\t\t\t<p>A TexLayer revoluciona o mundo da decora\u00e7\u00e3o e revestimento de superf\u00edcies, oferecendo uma solu\u00e7\u00e3o inovadora que combina a suavidade dos t\u00eaxteis com a facilidade de instala\u00e7\u00e3o de um produto autocolante.<\/p><ul><li>Textura aveludada<\/li><li>Maior defini\u00e7\u00e3o<\/li><li>Maior profundidade de campo<\/li><li>Mais realismo em cada detalhe<\/li><li>Entrega em 5 dias<\/li><li>Designs personalizados<\/li><li>Mais f\u00e1cil de aplicar<\/li><li>Mais sustent\u00e1vel<\/li><\/ul>\t\t\t\t\t\t\t\t<\/div>\n\t\t\t\t<\/div>\n\t\t\t\t<\/div>\n\t\t\t\t<\/div>\n\t\t<div class=\"elementor-element elementor-element-e6fb7a1 e-con-full e-flex e-con e-parent\" data-id=\"e6fb7a1\" data-element_type=\"container\" data-e-type=\"container\" data-settings=\"{&quot;background_background&quot;:&quot;classic&quot;}\">\n\t\t\t\t<div class=\"elementor-element elementor-element-c0d82fa elementor-widget elementor-widget-heading\" data-id=\"c0d82fa\" data-element_type=\"widget\" data-e-type=\"widget\" data-widget_type=\"heading.default\">\n\t\t\t\t<div class=\"elementor-widget-container\">\n\t\t\t\t\t<span class=\"elementor-heading-title elementor-size-default\">Multitude de aplica\u00e7\u00f5es<\/span>\t\t\t\t<\/div>\n\t\t\t\t<\/div>\n\t\t\t\t<div class=\"elementor-element elementor-element-e95a358 elementor-widget elementor-widget-heading\" data-id=\"e95a358\" data-element_type=\"widget\" data-e-type=\"widget\" data-widget_type=\"heading.default\">\n\t\t\t\t<div class=\"elementor-widget-container\">\n\t\t\t\t\t<span class=\"elementor-heading-title elementor-size-default\">sem complica\u00e7\u00f5es<\/span>\t\t\t\t<\/div>\n\t\t\t\t<\/div>\n\t\t\t\t<\/div>\n\t\t<div class=\"elementor-element elementor-element-3b420c4 e-con-full e-flex e-con e-parent\" data-id=\"3b420c4\" data-element_type=\"container\" data-e-type=\"container\">\n\t\t<div class=\"elementor-element elementor-element-4809371 e-con-full e-flex e-con e-child\" data-id=\"4809371\" data-element_type=\"container\" data-e-type=\"container\" data-settings=\"{&quot;background_background&quot;:&quot;classic&quot;}\">\n\t\t\t\t<\/div>\n\t\t<div class=\"elementor-element elementor-element-65b6942 e-con-full e-flex e-con e-child\" data-id=\"65b6942\" data-element_type=\"container\" data-e-type=\"container\" data-settings=\"{&quot;background_background&quot;:&quot;classic&quot;}\">\n\t\t\t\t<\/div>\n\t\t<div class=\"elementor-element elementor-element-598ceb9 e-con-full e-flex e-con e-child\" data-id=\"598ceb9\" data-element_type=\"container\" data-e-type=\"container\" data-settings=\"{&quot;background_background&quot;:&quot;classic&quot;}\">\n\t\t\t\t<\/div>\n\t\t\t\t<\/div>\n\t\t<div class=\"elementor-element elementor-element-c753a12 e-con-full e-flex e-con e-parent\" data-id=\"c753a12\" data-element_type=\"container\" data-e-type=\"container\">\n\t\t<div class=\"elementor-element elementor-element-d7ed83b e-con-full e-flex e-con e-child\" data-id=\"d7ed83b\" data-element_type=\"container\" data-e-type=\"container\" data-settings=\"{&quot;background_background&quot;:&quot;classic&quot;}\">\n\t\t\t\t<\/div>\n\t\t<div class=\"elementor-element elementor-element-cfee88c e-con-full e-flex e-con e-child\" data-id=\"cfee88c\" data-element_type=\"container\" data-e-type=\"container\" data-settings=\"{&quot;background_background&quot;:&quot;classic&quot;}\">\n\t\t\t\t<\/div>\n\t\t\t\t<\/div>\n\t\t<div class=\"elementor-element elementor-element-016e3fd e-con-full e-flex e-con e-parent\" data-id=\"016e3fd\" data-element_type=\"container\" data-e-type=\"container\">\n\t\t<div class=\"elementor-element elementor-element-a76f7c4 e-con-full e-flex e-con e-child\" data-id=\"a76f7c4\" data-element_type=\"container\" data-e-type=\"container\" data-settings=\"{&quot;background_background&quot;:&quot;classic&quot;}\">\n\t\t\t\t<\/div>\n\t\t<div class=\"elementor-element elementor-element-859b9cd e-con-full e-flex e-con e-child\" data-id=\"859b9cd\" data-element_type=\"container\" data-e-type=\"container\" data-settings=\"{&quot;background_background&quot;:&quot;classic&quot;}\">\n\t\t\t\t<\/div>\n\t\t\t\t<\/div>\n\t\t<div class=\"elementor-element elementor-element-497602a e-con-full e-flex e-con e-parent\" data-id=\"497602a\" data-element_type=\"container\" data-e-type=\"container\">\n\t\t<div class=\"elementor-element elementor-element-dc71d6d e-con-full e-flex e-con e-child\" data-id=\"dc71d6d\" data-element_type=\"container\" data-e-type=\"container\">\n\t\t\t\t<div class=\"elementor-element elementor-element-80edfd4 elementor-widget elementor-widget-heading\" data-id=\"80edfd4\" data-element_type=\"widget\" data-e-type=\"widget\" data-widget_type=\"heading.default\">\n\t\t\t\t<div class=\"elementor-widget-container\">\n\t\t\t\t\t<h2 class=\"elementor-heading-title elementor-size-default\">Transforma<br \/>qualquer superf\u00edcie:<\/h2>\t\t\t\t<\/div>\n\t\t\t\t<\/div>\n\t\t\t\t<div class=\"elementor-element elementor-element-6528f07 elementor-widget elementor-widget-text-editor\" data-id=\"6528f07\" data-element_type=\"widget\" data-e-type=\"widget\" data-widget_type=\"text-editor.default\">\n\t\t\t\t<div class=\"elementor-widget-container\">\n\t\t\t\t\t\t\t\t\t<ul><li>Paredes interiores<\/li><li>Mobili\u00e1rio<\/li><li>Arm\u00e1rios e portas<\/li><li>Divis\u00f3rias de escrit\u00f3rio<\/li><li>Pavimentos<\/li><li>Pain\u00e9is decorativos<\/li><li>Tetos<\/li><li>Objetos decorativos<\/li><li>Sinal\u00e9tica<\/li><li>Cartazes<\/li><li>Eventos<\/li><li>Pain\u00e9is ac\u00fasticos<\/li><li>Elevadores<\/li><\/ul>\t\t\t\t\t\t\t\t<\/div>\n\t\t\t\t<\/div>\n\t\t\t\t<\/div>\n\t\t<div class=\"elementor-element elementor-element-fd5ced6 e-con-full e-flex e-con e-child\" data-id=\"fd5ced6\" data-element_type=\"container\" data-e-type=\"container\" data-settings=\"{&quot;background_background&quot;:&quot;classic&quot;}\">\n\t\t\t\t<\/div>\n\t\t\t\t<\/div>\n\t\t<div class=\"elementor-element elementor-element-9bf345e e-con-full e-flex e-con e-parent\" data-id=\"9bf345e\" data-element_type=\"container\" data-e-type=\"container\" data-settings=\"{&quot;background_background&quot;:&quot;classic&quot;}\">\n\t\t\t\t<div class=\"elementor-element elementor-element-c9b310f elementor-widget elementor-widget-heading\" data-id=\"c9b310f\" data-element_type=\"widget\" data-e-type=\"widget\" data-widget_type=\"heading.default\">\n\t\t\t\t<div class=\"elementor-widget-container\">\n\t\t\t\t\t<span class=\"elementor-heading-title elementor-size-default\">Descobre a nossa hist\u00f3ria<\/span>\t\t\t\t<\/div>\n\t\t\t\t<\/div>\n\t\t\t\t<div class=\"elementor-element elementor-element-1698b68 elementor-widget elementor-widget-heading\" data-id=\"1698b68\" data-element_type=\"widget\" data-e-type=\"widget\" data-widget_type=\"heading.default\">\n\t\t\t\t<div class=\"elementor-widget-container\">\n\t\t\t\t\t<span class=\"elementor-heading-title elementor-size-default\">inova\u00e7\u00e3o, criatividade <br \/>e compromisso<\/span>\t\t\t\t<\/div>\n\t\t\t\t<\/div>\n\t\t\t\t<\/div>\n\t\t<div class=\"elementor-element elementor-element-f92bb7a e-flex e-con-boxed e-con e-child\" data-id=\"f92bb7a\" data-element_type=\"container\" data-e-type=\"container\" id=\"quienes\" data-settings=\"{&quot;background_background&quot;:&quot;classic&quot;}\">\n\t\t\t\t\t<div class=\"e-con-inner\">\n\t\t\t\t<div class=\"elementor-element elementor-element-8ab1a82 elementor-widget elementor-widget-heading\" data-id=\"8ab1a82\" data-element_type=\"widget\" data-e-type=\"widget\" data-widget_type=\"heading.default\">\n\t\t\t\t<div class=\"elementor-widget-container\">\n\t\t\t\t\t<h3 class=\"elementor-heading-title elementor-size-default\">Quem somos<\/h3>\t\t\t\t<\/div>\n\t\t\t\t<\/div>\n\t\t\t\t<div class=\"elementor-element elementor-element-2d5b62e elementor-widget elementor-widget-text-editor\" data-id=\"2d5b62e\" data-element_type=\"widget\" data-e-type=\"widget\" data-widget_type=\"text-editor.default\">\n\t\t\t\t<div class=\"elementor-widget-container\">\n\t\t\t\t\t\t\t\t\t<p>Na TexLayer, fazemos parte de um grupo t\u00eaxtil com mais de 20 anos de experi\u00eancia, consolidado em setores t\u00e3o exigentes como o desportivo e os tecidos t\u00e9cnicos. Como membros do grupo GEFF e com o apoio da nossa f\u00e1brica Zak Factory, combin\u00e1mos a nossa capacidade industrial, inova\u00e7\u00e3o constante e conhecimento do setor t\u00eaxtil para lan\u00e7ar uma solu\u00e7\u00e3o \u00fanica no mundo da decora\u00e7\u00e3o e sinal\u00e9tica. Com a TexLayer, levamos a nossa experi\u00eancia para um novo n\u00edvel, oferecendo um produto que transforma superf\u00edcies interiores de forma simples e sustent\u00e1vel.<\/p>\t\t\t\t\t\t\t\t<\/div>\n\t\t\t\t<\/div>\n\t\t\t\t\t<\/div>\n\t\t\t\t<\/div>\n\t\t<div class=\"elementor-element elementor-element-80c0623 e-flex e-con-boxed e-con e-parent\" data-id=\"80c0623\" data-element_type=\"container\" data-e-type=\"container\">\n\t\t\t\t\t<div class=\"e-con-inner\">\n\t\t<div class=\"elementor-element elementor-element-2d621c3 e-con-full e-flex e-con e-child\" data-id=\"2d621c3\" data-element_type=\"container\" data-e-type=\"container\" data-settings=\"{&quot;background_background&quot;:&quot;classic&quot;}\">\n\t\t\t\t<div class=\"elementor-element elementor-element-ba0be40 elementor-widget elementor-widget-heading\" data-id=\"ba0be40\" data-element_type=\"widget\" data-e-type=\"widget\" data-widget_type=\"heading.default\">\n\t\t\t\t<div class=\"elementor-widget-container\">\n\t\t\t\t\t<h4 class=\"elementor-heading-title elementor-size-default\">A nossa hist\u00f3ria e vis\u00e3o<\/h4>\t\t\t\t<\/div>\n\t\t\t\t<\/div>\n\t\t\t\t<div class=\"elementor-element elementor-element-154792c elementor-widget elementor-widget-text-editor\" data-id=\"154792c\" data-element_type=\"widget\" data-e-type=\"widget\" data-widget_type=\"text-editor.default\">\n\t\t\t\t<div class=\"elementor-widget-container\">\n\t\t\t\t\t\t\t\t\t<p>Desde o in\u00edcio, trabalhamos para aperfei\u00e7oar processos t\u00eaxteis que respondem \u00e0s exig\u00eancias do mercado. Aprendemos a produzir com precis\u00e3o, adaptabilidade e compromisso com a qualidade, o que nos tornou refer\u00eancia para diversas ind\u00fastrias.<\/p><p>Com a TexLayer, damos um passo em frente, aproveitando tudo o que sabemos sobre t\u00eaxteis e aplicando-o a um produto que n\u00e3o s\u00f3 transforma superf\u00edcies interiores, mas tamb\u00e9m se adapta facilmente ao utilizador final. Este lan\u00e7amento reflete a nossa ambi\u00e7\u00e3o de liderar um novo padr\u00e3o em decora\u00e7\u00e3o e sinal\u00e9tica, sempre focados na sustentabilidade e inova\u00e7\u00e3o.<\/p>\t\t\t\t\t\t\t\t<\/div>\n\t\t\t\t<\/div>\n\t\t\t\t<\/div>\n\t\t<div class=\"elementor-element elementor-element-2bde0ad e-con-full e-flex e-con e-child\" data-id=\"2bde0ad\" data-element_type=\"container\" data-e-type=\"container\" data-settings=\"{&quot;background_background&quot;:&quot;classic&quot;}\">\n\t\t\t\t<\/div>\n\t\t\t\t\t<\/div>\n\t\t\t\t<\/div>\n\t\t<div class=\"elementor-element elementor-element-6858e81 e-flex e-con-boxed e-con e-parent\" data-id=\"6858e81\" data-element_type=\"container\" data-e-type=\"container\">\n\t\t\t\t\t<div class=\"e-con-inner\">\n\t\t<div class=\"elementor-element elementor-element-62123a9 e-con-full e-flex e-con e-child\" data-id=\"62123a9\" data-element_type=\"container\" data-e-type=\"container\" data-settings=\"{&quot;background_background&quot;:&quot;classic&quot;}\">\n\t\t\t\t<\/div>\n\t\t<div class=\"elementor-element elementor-element-86e9212 e-con-full e-flex e-con e-child\" data-id=\"86e9212\" data-element_type=\"container\" data-e-type=\"container\" data-settings=\"{&quot;background_background&quot;:&quot;classic&quot;}\">\n\t\t\t\t<div class=\"elementor-element elementor-element-c8237b7 elementor-widget elementor-widget-heading\" data-id=\"c8237b7\" data-element_type=\"widget\" data-e-type=\"widget\" data-widget_type=\"heading.default\">\n\t\t\t\t<div class=\"elementor-widget-container\">\n\t\t\t\t\t<h4 class=\"elementor-heading-title elementor-size-default\">Produ\u00e7\u00e3o local e compromisso com a sustentabilidade<\/h4>\t\t\t\t<\/div>\n\t\t\t\t<\/div>\n\t\t\t\t<div class=\"elementor-element elementor-element-78d52f7 elementor-widget elementor-widget-text-editor\" data-id=\"78d52f7\" data-element_type=\"widget\" data-e-type=\"widget\" data-widget_type=\"text-editor.default\">\n\t\t\t\t<div class=\"elementor-widget-container\">\n\t\t\t\t\t\t\t\t\t<p>A nossa f\u00e1brica em Espanha permite-nos produzir localmente, em conformidade com as normativas europeias mais rigorosas de sustentabilidade. Isto assegura que os nossos produtos cumprem elevados padr\u00f5es ambientais, desde a sele\u00e7\u00e3o de materiais at\u00e9 ao processo de fabrico.<\/p><p>Ao trabalhar sob encomenda, evitamos a produ\u00e7\u00e3o excessiva e reduzimos o desperd\u00edcio, refor\u00e7ando o nosso compromisso com um impacto ambiental reduzido. Ao escolher a TexLayer, os nossos clientes n\u00e3o s\u00f3 obt\u00eam um produto inovador, mas tamb\u00e9m a tranquilidade de colaborar com uma empresa alinhada com os valores globais de sustentabilidade.<\/p>\t\t\t\t\t\t\t\t<\/div>\n\t\t\t\t<\/div>\n\t\t\t\t<\/div>\n\t\t\t\t\t<\/div>\n\t\t\t\t<\/div>\n\t\t\t\t<\/div>\n\t\t","protected":false},"excerpt":{"rendered":"<p>Tecido impresso autocolante personalizado A REVOLU\u00c7\u00c3O NOS REVESTIMENTOS Inova\u00e7\u00e3o A TexLayer revoluciona o mundo da decora\u00e7\u00e3o e revestimento de superf\u00edcies, oferecendo uma solu\u00e7\u00e3o inovadora que combina a suavidade dos t\u00eaxteis com a facilidade de instala\u00e7\u00e3o de um produto autocolante. Textura aveludada Maior defini\u00e7\u00e3o Maior profundidade de campo Mais realismo em cada detalhe Entrega em 5 [&hellip;]<\/p>\n","protected":false},"author":1,"featured_media":0,"parent":0,"menu_order":0,"comment_status":"closed","ping_status":"closed","template":"","meta":{"footnotes":""},"class_list":["post-7364","page","type-page","status-publish","hentry"],"yoast_head":"<!-- This site is optimized with the Yoast SEO plugin v27.4 - https:\/\/yoast.com\/product\/yoast-seo-wordpress\/ -->\n<title>Texlayer - TexLayer<\/title>\n<meta name=\"robots\" content=\"index, follow, max-snippet:-1, max-image-preview:large, max-video-preview:-1\" \/>\n<link rel=\"canonical\" href=\"https:\/\/texlayer.com\/pt-pt\/\" \/>\n<meta property=\"og:locale\" content=\"pt_PT\" \/>\n<meta property=\"og:type\" content=\"article\" \/>\n<meta property=\"og:title\" content=\"Texlayer - TexLayer\" \/>\n<meta property=\"og:description\" content=\"Tecido impresso autocolante personalizado A REVOLU\u00c7\u00c3O NOS REVESTIMENTOS Inova\u00e7\u00e3o A TexLayer revoluciona o mundo da decora\u00e7\u00e3o e revestimento de superf\u00edcies, oferecendo uma solu\u00e7\u00e3o inovadora que combina a suavidade dos t\u00eaxteis com a facilidade de instala\u00e7\u00e3o de um produto autocolante. Textura aveludada Maior defini\u00e7\u00e3o Maior profundidade de campo Mais realismo em cada detalhe Entrega em 5 [&hellip;]\" \/>\n<meta property=\"og:url\" content=\"https:\/\/texlayer.com\/pt-pt\/\" \/>\n<meta property=\"og:site_name\" content=\"TexLayer\" \/>\n<meta property=\"article:modified_time\" content=\"2025-02-11T13:27:41+00:00\" \/>\n<meta name=\"twitter:card\" content=\"summary_large_image\" \/>\n<meta name=\"twitter:label1\" content=\"Tempo estimado de leitura\" \/>\n\t<meta name=\"twitter:data1\" content=\"3 minutos\" \/>\n<script type=\"application\/ld+json\" class=\"yoast-schema-graph\">{\"@context\":\"https:\\\/\\\/schema.org\",\"@graph\":[{\"@type\":\"WebPage\",\"@id\":\"https:\\\/\\\/texlayer.com\\\/pt-pt\\\/\",\"url\":\"https:\\\/\\\/texlayer.com\\\/pt-pt\\\/\",\"name\":\"Texlayer - TexLayer\",\"isPartOf\":{\"@id\":\"https:\\\/\\\/texlayer.com\\\/#website\"},\"datePublished\":\"2024-10-16T17:43:43+00:00\",\"dateModified\":\"2025-02-11T13:27:41+00:00\",\"breadcrumb\":{\"@id\":\"https:\\\/\\\/texlayer.com\\\/pt-pt\\\/#breadcrumb\"},\"inLanguage\":\"pt-PT\",\"potentialAction\":[{\"@type\":\"ReadAction\",\"target\":[\"https:\\\/\\\/texlayer.com\\\/pt-pt\\\/\"]}]},{\"@type\":\"BreadcrumbList\",\"@id\":\"https:\\\/\\\/texlayer.com\\\/pt-pt\\\/#breadcrumb\",\"itemListElement\":[{\"@type\":\"ListItem\",\"position\":1,\"name\":\"Portada\",\"item\":\"https:\\\/\\\/texlayer.com\\\/pt-pt\\\/\"},{\"@type\":\"ListItem\",\"position\":2,\"name\":\"Texlayer\"}]},{\"@type\":\"WebSite\",\"@id\":\"https:\\\/\\\/texlayer.com\\\/#website\",\"url\":\"https:\\\/\\\/texlayer.com\\\/\",\"name\":\"TexLayer\",\"description\":\"Tejido impreso autoadhesivo personalizado\",\"publisher\":{\"@id\":\"https:\\\/\\\/texlayer.com\\\/#organization\"},\"potentialAction\":[{\"@type\":\"SearchAction\",\"target\":{\"@type\":\"EntryPoint\",\"urlTemplate\":\"https:\\\/\\\/texlayer.com\\\/?s={search_term_string}\"},\"query-input\":{\"@type\":\"PropertyValueSpecification\",\"valueRequired\":true,\"valueName\":\"search_term_string\"}}],\"inLanguage\":\"pt-PT\"},{\"@type\":\"Organization\",\"@id\":\"https:\\\/\\\/texlayer.com\\\/#organization\",\"name\":\"TexLayer\",\"url\":\"https:\\\/\\\/texlayer.com\\\/\",\"logo\":{\"@type\":\"ImageObject\",\"inLanguage\":\"pt-PT\",\"@id\":\"https:\\\/\\\/texlayer.com\\\/#\\\/schema\\\/logo\\\/image\\\/\",\"url\":\"https:\\\/\\\/texlayer.com\\\/wp-content\\\/uploads\\\/2024\\\/10\\\/cropped-text-layer-negro.png\",\"contentUrl\":\"https:\\\/\\\/texlayer.com\\\/wp-content\\\/uploads\\\/2024\\\/10\\\/cropped-text-layer-negro.png\",\"width\":748,\"height\":193,\"caption\":\"TexLayer\"},\"image\":{\"@id\":\"https:\\\/\\\/texlayer.com\\\/#\\\/schema\\\/logo\\\/image\\\/\"}}]}<\/script>\n<!-- \/ Yoast SEO plugin. -->","yoast_head_json":{"title":"Texlayer - TexLayer","robots":{"index":"index","follow":"follow","max-snippet":"max-snippet:-1","max-image-preview":"max-image-preview:large","max-video-preview":"max-video-preview:-1"},"canonical":"https:\/\/texlayer.com\/pt-pt\/","og_locale":"pt_PT","og_type":"article","og_title":"Texlayer - TexLayer","og_description":"Tecido impresso autocolante personalizado A REVOLU\u00c7\u00c3O NOS REVESTIMENTOS Inova\u00e7\u00e3o A TexLayer revoluciona o mundo da decora\u00e7\u00e3o e revestimento de superf\u00edcies, oferecendo uma solu\u00e7\u00e3o inovadora que combina a suavidade dos t\u00eaxteis com a facilidade de instala\u00e7\u00e3o de um produto autocolante. Textura aveludada Maior defini\u00e7\u00e3o Maior profundidade de campo Mais realismo em cada detalhe Entrega em 5 [&hellip;]","og_url":"https:\/\/texlayer.com\/pt-pt\/","og_site_name":"TexLayer","article_modified_time":"2025-02-11T13:27:41+00:00","twitter_card":"summary_large_image","twitter_misc":{"Tempo estimado de leitura":"3 minutos"},"schema":{"@context":"https:\/\/schema.org","@graph":[{"@type":"WebPage","@id":"https:\/\/texlayer.com\/pt-pt\/","url":"https:\/\/texlayer.com\/pt-pt\/","name":"Texlayer - TexLayer","isPartOf":{"@id":"https:\/\/texlayer.com\/#website"},"datePublished":"2024-10-16T17:43:43+00:00","dateModified":"2025-02-11T13:27:41+00:00","breadcrumb":{"@id":"https:\/\/texlayer.com\/pt-pt\/#breadcrumb"},"inLanguage":"pt-PT","potentialAction":[{"@type":"ReadAction","target":["https:\/\/texlayer.com\/pt-pt\/"]}]},{"@type":"BreadcrumbList","@id":"https:\/\/texlayer.com\/pt-pt\/#breadcrumb","itemListElement":[{"@type":"ListItem","position":1,"name":"Portada","item":"https:\/\/texlayer.com\/pt-pt\/"},{"@type":"ListItem","position":2,"name":"Texlayer"}]},{"@type":"WebSite","@id":"https:\/\/texlayer.com\/#website","url":"https:\/\/texlayer.com\/","name":"TexLayer","description":"Tejido impreso autoadhesivo personalizado","publisher":{"@id":"https:\/\/texlayer.com\/#organization"},"potentialAction":[{"@type":"SearchAction","target":{"@type":"EntryPoint","urlTemplate":"https:\/\/texlayer.com\/?s={search_term_string}"},"query-input":{"@type":"PropertyValueSpecification","valueRequired":true,"valueName":"search_term_string"}}],"inLanguage":"pt-PT"},{"@type":"Organization","@id":"https:\/\/texlayer.com\/#organization","name":"TexLayer","url":"https:\/\/texlayer.com\/","logo":{"@type":"ImageObject","inLanguage":"pt-PT","@id":"https:\/\/texlayer.com\/#\/schema\/logo\/image\/","url":"https:\/\/texlayer.com\/wp-content\/uploads\/2024\/10\/cropped-text-layer-negro.png","contentUrl":"https:\/\/texlayer.com\/wp-content\/uploads\/2024\/10\/cropped-text-layer-negro.png","width":748,"height":193,"caption":"TexLayer"},"image":{"@id":"https:\/\/texlayer.com\/#\/schema\/logo\/image\/"}}]}},"_links":{"self":[{"href":"https:\/\/texlayer.com\/pt-pt\/wp-json\/wp\/v2\/pages\/7364","targetHints":{"allow":["GET"]}}],"collection":[{"href":"https:\/\/texlayer.com\/pt-pt\/wp-json\/wp\/v2\/pages"}],"about":[{"href":"https:\/\/texlayer.com\/pt-pt\/wp-json\/wp\/v2\/types\/page"}],"author":[{"embeddable":true,"href":"https:\/\/texlayer.com\/pt-pt\/wp-json\/wp\/v2\/users\/1"}],"replies":[{"embeddable":true,"href":"https:\/\/texlayer.com\/pt-pt\/wp-json\/wp\/v2\/comments?post=7364"}],"version-history":[{"count":13,"href":"https:\/\/texlayer.com\/pt-pt\/wp-json\/wp\/v2\/pages\/7364\/revisions"}],"predecessor-version":[{"id":7431,"href":"https:\/\/texlayer.com\/pt-pt\/wp-json\/wp\/v2\/pages\/7364\/revisions\/7431"}],"wp:attachment":[{"href":"https:\/\/texlayer.com\/pt-pt\/wp-json\/wp\/v2\/media?parent=7364"}],"curies":[{"name":"wp","href":"https:\/\/api.w.org\/{rel}","templated":true}]}}